{"id":18,"date":"2019-10-19T17:01:00","date_gmt":"2019-10-19T15:01:00","guid":{"rendered":"http:\/\/www.eurocob.com\/?page_id=18"},"modified":"2019-11-24T16:47:42","modified_gmt":"2019-11-24T15:47:42","slug":"accueil","status":"publish","type":"page","link":"https:\/\/www.eurocob.com\/fr\/","title":{"rendered":"EUROCOB, leader europ\u00e9en"},"content":{"rendered":"\n<p> EUROCOB est le leader europ\u00e9en de la transformation industrielle de la rafle de ma\u00efs. Entreprise \u00e0 taille humaine, bas\u00e9e au pied de la cha\u00eene des Pyr\u00e9n\u00e9es, \u00e0 Maubourguet, EUROCOB occupe la 3\u00e8me place mondiale. Fond\u00e9e par un visionnaire, elle innove continuellement depuis 1987 &#8230;<\/p>\n","protected":false},"excerpt":{"rendered":"<p>EUROCOB est le leader europ\u00e9en de la transformation industrielle de la rafle de ma\u00efs. Entreprise \u00e0 taille humaine, bas\u00e9e au pied de la cha\u00eene des Pyr\u00e9n\u00e9es, \u00e0 Maubourguet, EUROCOB occupe la 3\u00e8me place mondiale. Fond\u00e9e par un visionnaire, elle innove continuellement depuis 1987 &#8230;<\/p>\n","protected":false},"author":1,"featured_media":0,"parent":0,"menu_order":0,"comment_status":"closed","ping_status":"closed","template":"","meta":{"footnotes":""},"class_list":["post-18","page","type-page","status-publish","hentry"],"_links":{"self":[{"href":"https:\/\/www.eurocob.com\/fr\/wp-json\/wp\/v2\/pages\/18","targetHints":{"allow":["GET"]}}],"collection":[{"href":"https:\/\/www.eurocob.com\/fr\/wp-json\/wp\/v2\/pages"}],"about":[{"href":"https:\/\/www.eurocob.com\/fr\/wp-json\/wp\/v2\/types\/page"}],"author":[{"embeddable":true,"href":"https:\/\/www.eurocob.com\/fr\/wp-json\/wp\/v2\/users\/1"}],"replies":[{"embeddable":true,"href":"https:\/\/www.eurocob.com\/fr\/wp-json\/wp\/v2\/comments?post=18"}],"version-history":[{"count":1,"href":"https:\/\/www.eurocob.com\/fr\/wp-json\/wp\/v2\/pages\/18\/revisions"}],"predecessor-version":[{"id":207,"href":"https:\/\/www.eurocob.com\/fr\/wp-json\/wp\/v2\/pages\/18\/revisions\/207"}],"wp:attachment":[{"href":"https:\/\/www.eurocob.com\/fr\/wp-json\/wp\/v2\/media?parent=18"}],"curies":[{"name":"wp","href":"https:\/\/api.w.org\/{rel}","templated":true}]}}