{"id":20,"date":"2019-10-19T17:01:55","date_gmt":"2019-10-19T15:01:55","guid":{"rendered":"http:\/\/www.eurocob.com\/?page_id=20"},"modified":"2019-11-24T08:54:36","modified_gmt":"2019-11-24T07:54:36","slug":"eurocob","status":"publish","type":"page","link":"https:\/\/www.eurocob.com\/fr\/eurocob\/","title":{"rendered":"EUROCOB, N\u00b01 EN EUROPE, 3e PLACE MONDIALE"},"content":{"rendered":"\n<p>EUROCOB est le leader europ\u00e9en de la transformation industrielle de la rafle de ma\u00efs. Entreprise \u00e0 taille humaine, bas\u00e9e au pied de la cha\u00eene des Pyr\u00e9n\u00e9es, \u00e0 Maubourguet, EUROCOB occupe la 3\u00e8me place mondiale. Fond\u00e9e par un visionnaire, elle innove continuellement depuis 1987. V\u00e9ritable passerelle entre les mondes agricole et industriel, EUROCOB est reconnue comme un acteur incontournable de l\u2019\u00e9conomie circulaire, motiv\u00e9 par la recherche et l\u2019innovation.  <\/p>\n\n\n\n<h2 class=\"wp-block-heading\">Pionnier de l\u2019\u00e9conomie circulaire<\/h2>\n\n\n\n<p>La rafle de ma\u00efs est pour EUROCOB une source d\u2019intelligence. Sa mission consiste \u00e0 cr\u00e9er des produits sophistiqu\u00e9s et utiles \u00e0 partir d\u2019un coproduit agricole. <\/p>\n\n\n\n<p>EUROCOB apporte indirectement un revenu compl\u00e9mentaire aux agriculteurs en achetant les coproduits li\u00e9s \u00e0 la culture du ma\u00efs semence. <\/p>\n\n\n\n<p>EUROCOB assure ainsi l\u2019\u00e9vacuation des rafles chez les fabricants de semences pour leur permettre de travailler en continu sans interruption de leur process.<\/p>\n\n\n\n<p>Cette d\u00e9marche respectueuse a fond\u00e9 chez EUROCOB un sens de la collaboration et une \u00e9thique du service. Nos Clients sont nos partenaires, c\u2019est pourquoi, nous nous effor\u00e7ons de proposer des solutions sur mesure en r\u00e9ponse aux probl\u00e9matiques de nos interlocuteurs. <\/p>\n\n\n<p><!--EndFragment--><\/p>","protected":false},"excerpt":{"rendered":"<p>EUROCOB est le leader europ\u00e9en de la transformation industrielle de la rafle de ma\u00efs. Entreprise \u00e0 taille humaine, bas\u00e9e au pied de la cha\u00eene des Pyr\u00e9n\u00e9es, \u00e0 Maubourguet, EUROCOB occupe la 3\u00e8me place mondiale. Fond\u00e9e par un visionnaire, elle innove continuellement depuis 1987. V\u00e9ritable passerelle entre les mondes agricole et industriel, EUROCOB est reconnue comme [&hellip;]<\/p>\n","protected":false},"author":1,"featured_media":0,"parent":0,"menu_order":0,"comment_status":"closed","ping_status":"closed","template":"","meta":{"footnotes":""},"class_list":["post-20","page","type-page","status-publish","hentry"],"_links":{"self":[{"href":"https:\/\/www.eurocob.com\/fr\/wp-json\/wp\/v2\/pages\/20","targetHints":{"allow":["GET"]}}],"collection":[{"href":"https:\/\/www.eurocob.com\/fr\/wp-json\/wp\/v2\/pages"}],"about":[{"href":"https:\/\/www.eurocob.com\/fr\/wp-json\/wp\/v2\/types\/page"}],"author":[{"embeddable":true,"href":"https:\/\/www.eurocob.com\/fr\/wp-json\/wp\/v2\/users\/1"}],"replies":[{"embeddable":true,"href":"https:\/\/www.eurocob.com\/fr\/wp-json\/wp\/v2\/comments?post=20"}],"version-history":[{"count":1,"href":"https:\/\/www.eurocob.com\/fr\/wp-json\/wp\/v2\/pages\/20\/revisions"}],"predecessor-version":[{"id":200,"href":"https:\/\/www.eurocob.com\/fr\/wp-json\/wp\/v2\/pages\/20\/revisions\/200"}],"wp:attachment":[{"href":"https:\/\/www.eurocob.com\/fr\/wp-json\/wp\/v2\/media?parent=20"}],"curies":[{"name":"wp","href":"https:\/\/api.w.org\/{rel}","templated":true}]}}