{"id":24,"date":"2019-10-19T17:03:00","date_gmt":"2019-10-19T15:03:00","guid":{"rendered":"http:\/\/www.eurocob.com\/?page_id=24"},"modified":"2020-01-20T14:04:16","modified_gmt":"2020-01-20T13:04:16","slug":"eu-feeds","status":"publish","type":"page","link":"https:\/\/www.eurocob.com\/fr\/eu-feeds\/","title":{"rendered":"eu-feeds"},"content":{"rendered":"\n<h2 class=\"wp-block-heading\">Ses usages<\/h2>\n\n\n\n<ul class=\"wp-block-list\"><li>Support d&rsquo;huiles et corps gras pour la nutrition animale.;<\/li><li>Fibre hautement digestible en alimentation animale.<\/li><li>Absorbant industriel (gamme Stop-Llk+)<\/li><\/ul>\n\n\n\n<h2 class=\"wp-block-heading\">Ses atouts physiques<\/h2>\n\n\n\n<p>Les produits de la gamme Eu-Feeds proviennent du c\u0153ur et de la p\u00e9riph\u00e9rie de la rafle. Ils sont caract\u00e9ris\u00e9s par :<\/p>\n\n\n\n<ul class=\"wp-block-list\"><li>Leur tendret\u00e9 ;<\/li><li>Leur faible densit\u00e9 ;<\/li><li>Leur capacit\u00e9 d&rsquo;absorption tr\u00e8s importante, allant jusqu&rsquo;\u00e0 4,5 fois leur poids en eau ;<\/li><li>Un PH neutre ;<\/li><li>Une humidit\u00e9 &lt; 12%.<\/li><\/ul>\n","protected":false},"excerpt":{"rendered":"<p>Ses usages Support d&rsquo;huiles et corps gras pour la nutrition animale.; Fibre hautement digestible en alimentation animale. Absorbant industriel (gamme Stop-Llk+) Ses atouts physiques Les produits de la gamme Eu-Feeds proviennent du c\u0153ur et de la p\u00e9riph\u00e9rie de la rafle. Ils sont caract\u00e9ris\u00e9s par : Leur tendret\u00e9 ; Leur faible densit\u00e9 ; Leur capacit\u00e9 d&rsquo;absorption [&hellip;]<\/p>\n","protected":false},"author":1,"featured_media":0,"parent":0,"menu_order":0,"comment_status":"closed","ping_status":"closed","template":"","meta":{"footnotes":""},"class_list":["post-24","page","type-page","status-publish","hentry"],"_links":{"self":[{"href":"https:\/\/www.eurocob.com\/fr\/wp-json\/wp\/v2\/pages\/24","targetHints":{"allow":["GET"]}}],"collection":[{"href":"https:\/\/www.eurocob.com\/fr\/wp-json\/wp\/v2\/pages"}],"about":[{"href":"https:\/\/www.eurocob.com\/fr\/wp-json\/wp\/v2\/types\/page"}],"author":[{"embeddable":true,"href":"https:\/\/www.eurocob.com\/fr\/wp-json\/wp\/v2\/users\/1"}],"replies":[{"embeddable":true,"href":"https:\/\/www.eurocob.com\/fr\/wp-json\/wp\/v2\/comments?post=24"}],"version-history":[{"count":2,"href":"https:\/\/www.eurocob.com\/fr\/wp-json\/wp\/v2\/pages\/24\/revisions"}],"predecessor-version":[{"id":230,"href":"https:\/\/www.eurocob.com\/fr\/wp-json\/wp\/v2\/pages\/24\/revisions\/230"}],"wp:attachment":[{"href":"https:\/\/www.eurocob.com\/fr\/wp-json\/wp\/v2\/media?parent=24"}],"curies":[{"name":"wp","href":"https:\/\/api.w.org\/{rel}","templated":true}]}}