{"id":28,"date":"2019-10-19T17:04:23","date_gmt":"2019-10-19T15:04:23","guid":{"rendered":"http:\/\/www.eurocob.com\/?page_id=28"},"modified":"2019-10-21T00:11:57","modified_gmt":"2019-10-20T22:11:57","slug":"produits","status":"publish","type":"page","link":"https:\/\/www.eurocob.com\/fr\/produits\/","title":{"rendered":"Nos produits par secteur d&rsquo;activit\u00e9"},"content":{"rendered":"\n<h2 class=\"wp-block-heading\">Une technologie tr\u00e8s fine<\/h2>\n\n\n\n<p> EUROCOB a con\u00e7u deux gammes principales permettant de r\u00e9pondre \u00e0 un grand nombre de besoins : Eu-Grits et Eu-Feeds. Gr\u00e2ce \u00e0 leurs caract\u00e9ristiques physico-chimiques et \u00e0 leur granulom\u00e9trie contr\u00f4l\u00e9e allant de 4mm \u00e0 des poudres inf\u00e9rieures \u00e0 50 microns, nos produits sont compatibles avec de nombreuses applications industrielles de haute pr\u00e9cision. <\/p>\n\n\n\n<p> Nous travaillons main dans la main avec nos Clients pour des applications de plus en plus fines allant de l\u2019excipient \u00e0 usage pharmaceutique au traitement de surface industriel en passant par l\u2019industrie cosm\u00e9tique.<\/p>\n\n\n\n<p> Selon les caract\u00e9ristiques que vous recherchez, nous pourrons vous proposer le produit id\u00e9al qui vous permettra de vous diff\u00e9rencier par une solution biosourc\u00e9e et originale.<\/p>\n\n\n\n<h2 class=\"wp-block-heading\">Une mati\u00e8re premi\u00e8re 100% v\u00e9g\u00e9tale et durable<\/h2>\n\n\n\n<p> La rafle de ma\u00efs constitue une alternative \u00e0 des produits synth\u00e9tiques p\u00e9tro-sourc\u00e9s ou min\u00e9raux. De plus, la rafle de ma\u00efs est une mati\u00e8re premi\u00e8re renouvelable, recyclable, sans impact n\u00e9faste sur l\u2019environnement.<\/p>\n\n\n\n<p> Les produits de la gamme Eu-Grits sont obtenus \u00e0 partir de la ceinture ligneuse de la rafle et se caract\u00e9risent par :<\/p>\n\n\n\n<ul class=\"wp-block-list\"><li>Une duret\u00e9 \u00e9quivalente \u00e0 celle du fer (4,5 sur l\u2019\u00e9chelle de Mohs) ;<\/li><li>Une bonne capacit\u00e9 d&rsquo;absorption ;<\/li><li>L\u2019absence de poussi\u00e8re ;<\/li><li>Une densit\u00e9 \u00e9lev\u00e9e et une grande coulabilit\u00e9.<\/li><\/ul>\n\n\n\n<p>Les produits de la gamme Eu-Feeds proviennent du c\u0153ur et de la p\u00e9riph\u00e9rie de la rafle. Ils sont caract\u00e9ris\u00e9s par :<\/p>\n\n\n\n<ul class=\"wp-block-list\"><li>Leur tendret\u00e9 ;<\/li><li>Leur faible densit\u00e9 ;<\/li><li>Leur capacit\u00e9 d&rsquo;absorption tr\u00e8s importante, allant jusqu&rsquo;\u00e0 4,5 fois leur poids en eau.<\/li><\/ul>\n","protected":false},"excerpt":{"rendered":"<p>Une technologie tr\u00e8s fine EUROCOB a con\u00e7u deux gammes principales permettant de r\u00e9pondre \u00e0 un grand nombre de besoins : Eu-Grits et Eu-Feeds. Gr\u00e2ce \u00e0 leurs caract\u00e9ristiques physico-chimiques et \u00e0 leur granulom\u00e9trie contr\u00f4l\u00e9e allant de 4mm \u00e0 des poudres inf\u00e9rieures \u00e0 50 microns, nos produits sont compatibles avec de nombreuses applications industrielles de haute pr\u00e9cision. [&hellip;]<\/p>\n","protected":false},"author":1,"featured_media":0,"parent":0,"menu_order":0,"comment_status":"closed","ping_status":"closed","template":"","meta":{"footnotes":""},"class_list":["post-28","page","type-page","status-publish","hentry"],"_links":{"self":[{"href":"https:\/\/www.eurocob.com\/fr\/wp-json\/wp\/v2\/pages\/28","targetHints":{"allow":["GET"]}}],"collection":[{"href":"https:\/\/www.eurocob.com\/fr\/wp-json\/wp\/v2\/pages"}],"about":[{"href":"https:\/\/www.eurocob.com\/fr\/wp-json\/wp\/v2\/types\/page"}],"author":[{"embeddable":true,"href":"https:\/\/www.eurocob.com\/fr\/wp-json\/wp\/v2\/users\/1"}],"replies":[{"embeddable":true,"href":"https:\/\/www.eurocob.com\/fr\/wp-json\/wp\/v2\/comments?post=28"}],"version-history":[{"count":0,"href":"https:\/\/www.eurocob.com\/fr\/wp-json\/wp\/v2\/pages\/28\/revisions"}],"wp:attachment":[{"href":"https:\/\/www.eurocob.com\/fr\/wp-json\/wp\/v2\/media?parent=28"}],"curies":[{"name":"wp","href":"https:\/\/api.w.org\/{rel}","templated":true}]}}