{"id":3,"date":"2019-10-18T22:38:31","date_gmt":"2019-10-18T20:38:31","guid":{"rendered":"http:\/\/www.eurocob.com\/?page_id=3"},"modified":"2019-10-30T07:38:01","modified_gmt":"2019-10-30T06:38:01","slug":"politique-de-confidentialite","status":"publish","type":"page","link":"https:\/\/www.eurocob.com\/fr\/politique-de-confidentialite\/","title":{"rendered":"Politique de confidentialit\u00e9"},"content":{"rendered":"\n<h2 class=\"wp-block-heading\">Qui sommes-nous ?<\/h2>\n\n\n\n<p>L\u2019adresse de notre site Web est : http:\/\/www.eurocob.com\/<\/p>\n\n\n\n<h2 class=\"wp-block-heading\">Utilisation des donn\u00e9es personnelles collect\u00e9es<\/h2>\n\n\n\n<h3 class=\"wp-block-heading\">Formulaires de contact<\/h3>\n\n\n\n<p>Les donn\u00e9es fournies (nom, e-mail, \u2026) dans le formulaire de contact utilis\u00e9 sur ce site ne sont pas stock\u00e9es. Elles servent uniquement \u00e0 vous r\u00e9pondre dans le cas \u00e9ch\u00e9ant.<\/p>\n\n\n\n<p>Ces sites web pourraient collecter des donn\u00e9es sur vous, utiliser des cookies, embarquer des outils de suivis tiers, suivre vos interactions avec ces contenus embarqu\u00e9s si vous disposez d\u2019un compte connect\u00e9 sur leur site web.<\/p>\n\n\n\n<h2 class=\"wp-block-heading\">Statistiques et mesures d\u2019audience<\/h2>\n\n\n\n<p>Les statiques et mesures d\u2019audience sont \u00e0 la fois collect\u00e9s par le module Jetpack install\u00e9 sur sur ce site et par Google Analyticsvia un code de suivi.<\/p>\n\n\n\n<h2 class=\"wp-block-heading\">Utilisation et transmission de vos donn\u00e9es personnelles<\/h2>\n\n\n\n<p>Les donn\u00e9es collect\u00e9es sur ce site sont issues de l&rsquo;envoi des formulaires de contact (formulaire sp\u00e9cifique).<\/p>\n\n\n\n<p>Le comportement des visiteurs est suivi par Google Analytics, Wordfence.<\/p>\n\n\n\n<h2 class=\"wp-block-heading\">Les droits que vous avez sur vos donn\u00e9es<\/h2>\n\n\n\n<p>Si vous avez un compte ou si vous avez laiss\u00e9 des commentaires sur le site, vous pouvez demander \u00e0 recevoir un fichier contenant toutes les donn\u00e9es personnelles que nous poss\u00e9dons \u00e0 votre sujet, incluant celles que vous nous avez fournies. Vous pouvez \u00e9galement demander la suppression des donn\u00e9es personnelles vous concernant. Cela ne prend pas en compte les donn\u00e9es stock\u00e9es \u00e0 des fins administratives, l\u00e9gales ou pour des raisons de s\u00e9curit\u00e9.<\/p>\n\n\n\n<h2 class=\"wp-block-heading\">Informations de contact<\/h2>\n\n\n\n<p>Pour toute demande, merci d\u2019adresser un e-mail \u00e0 : contact@eurocob.com<\/p>\n\n\n\n<h2 class=\"wp-block-heading\">Informations suppl\u00e9mentaires<\/h2>\n\n\n\n<h3 class=\"wp-block-heading\">Comment nous prot\u00e9geons vos donn\u00e9es<\/h3>\n\n\n\n<p>Le site est prot\u00e9g\u00e9 par des codes d\u2019acc\u00e8s et des plug-in de protection (Wordfence) afin d\u2019\u00e9viter tout vol de donn\u00e9es.<\/p>\n","protected":false},"excerpt":{"rendered":"<p>Qui sommes-nous ? L\u2019adresse de notre site Web est : http:\/\/www.eurocob.com\/ Utilisation des donn\u00e9es personnelles collect\u00e9es Formulaires de contact Les donn\u00e9es fournies (nom, e-mail, \u2026) dans le formulaire de contact utilis\u00e9 sur ce site ne sont pas stock\u00e9es. Elles servent uniquement \u00e0 vous r\u00e9pondre dans le cas \u00e9ch\u00e9ant. Ces sites web pourraient collecter des donn\u00e9es [&hellip;]<\/p>\n","protected":false},"author":1,"featured_media":0,"parent":0,"menu_order":0,"comment_status":"closed","ping_status":"open","template":"","meta":{"footnotes":""},"class_list":["post-3","page","type-page","status-publish","hentry"],"_links":{"self":[{"href":"https:\/\/www.eurocob.com\/fr\/wp-json\/wp\/v2\/pages\/3","targetHints":{"allow":["GET"]}}],"collection":[{"href":"https:\/\/www.eurocob.com\/fr\/wp-json\/wp\/v2\/pages"}],"about":[{"href":"https:\/\/www.eurocob.com\/fr\/wp-json\/wp\/v2\/types\/page"}],"author":[{"embeddable":true,"href":"https:\/\/www.eurocob.com\/fr\/wp-json\/wp\/v2\/users\/1"}],"replies":[{"embeddable":true,"href":"https:\/\/www.eurocob.com\/fr\/wp-json\/wp\/v2\/comments?post=3"}],"version-history":[{"count":0,"href":"https:\/\/www.eurocob.com\/fr\/wp-json\/wp\/v2\/pages\/3\/revisions"}],"wp:attachment":[{"href":"https:\/\/www.eurocob.com\/fr\/wp-json\/wp\/v2\/media?parent=3"}],"curies":[{"name":"wp","href":"https:\/\/api.w.org\/{rel}","templated":true}]}}