{"id":30,"date":"2019-10-19T17:05:13","date_gmt":"2019-10-19T15:05:13","guid":{"rendered":"http:\/\/www.eurocob.com\/?page_id=30"},"modified":"2019-11-24T12:14:29","modified_gmt":"2019-11-24T11:14:29","slug":"sante-nutrition-animale","status":"publish","type":"page","link":"https:\/\/www.eurocob.com\/fr\/sante-nutrition-animale\/","title":{"rendered":"Sant\u00e9 &#038; Nutrition animale"},"content":{"rendered":"\n<h2 class=\"wp-block-heading\">De la nutrition \u00e0 la pharmacop\u00e9e<\/h2>\n\n\n\n<p>Nos deux gammes Eu-Grits et Eu-Feeds, d\u00e9clin\u00e9es en une quinzaine de granulom\u00e9tries poss\u00e8dent des fonctionnalit\u00e9s diverses et vari\u00e9es r\u00e9pondant aux besoins de la nutrition et de la sant\u00e9 animale. <\/p>\n\n\n\n<p>L\u2019excipient de haute technicit\u00e9 <\/p>\n\n\n\n<h2 class=\"wp-block-heading\">Utilisations<\/h2>\n\n\n\n<ul class=\"wp-block-list\"><li>Support pour solutions aqueuses, huiles ou poudres, avec de fortes capacit\u00e9s d\u2019absorption ;<\/li><li>Diluant pour sp\u00e9cialit\u00e9s \u00e0 la granulom\u00e9trie id\u00e9ale et r\u00e9sistant \u00e0 l\u2019attrition ;<\/li><li>Noyau de microencapsulation ;<\/li><li>Support pouvant accueillir des microorganismes comme des bact\u00e9ries, des levures, etc.<\/li><\/ul>\n\n\n\n<h2 class=\"wp-block-heading\">Avantages<\/h2>\n\n\n\n<p>Grande capacit\u00e9 d\u2019absorption<\/p>\n\n\n\n<p>La structure alv\u00e9olaire interne des Eu-Grits ainsi que leur grande surface d\u2019\u00e9change, facilitent l\u2019incorporation de principes actifs tant par voie s\u00e8che que par voie humide. Cette porosit\u00e9 permet \u00e9galement de lib\u00e9rer ce m\u00eame principe actif dans le syst\u00e8me digestif de l\u2019animal.<\/p>\n\n\n\n<p>Duret\u00e9 importante <\/p>\n\n\n\n<p>Avec une duret\u00e9 \u00e9quivalente \u00e0 celle du fer (4,5 sur l\u2019\u00e9chelle de Mohs), les Eu-Grits conservent une excellente coulabilit\u00e9 apr\u00e8s m\u00e9lange, ne g\u00e9n\u00e8rent pas de poussi\u00e8re pendant le processus de fabrication et n\u2019adh\u00e8rent pas aux circuits de manutention.<\/p>\n\n\n\n<p>Granulom\u00e9trie pr\u00e9cise et contr\u00f4l\u00e9e <\/p>\n\n\n\n<p>Les fourchettes granulom\u00e9triques des produits de la gamme Eu-Grits sont pr\u00e9cises et contr\u00f4l\u00e9es afin de s\u2019adapter aux exigences des formulations.<\/p>\n\n\n\n<p>Produit stable et durable dans le temps<\/p>\n\n\n\n<p>Avec un pH neutre et une humidit\u00e9 inf\u00e9rieure \u00e0 10%, la rafle de ma\u00efs permet la stabilit\u00e9 des principes actifs dans les produits finis.<\/p>\n\n\n\n<p>Une double fonctionnalit\u00e9, un apport en fibre et\/ou un support d\u2019absorption<\/p>\n\n\n\n<h2 class=\"wp-block-heading\">Utilisations<\/h2>\n\n\n\n<ul class=\"wp-block-list\"><li>Fibres \u00e0 incorporer dans les aliments ;<\/li><li>Support d\u2019absorption pour huiles, m\u00e9lasses ou autres corps gras.<\/li><\/ul>\n\n\n\n<h2 class=\"wp-block-heading\">Avantages<\/h2>\n\n\n\n<p>Grande capacit\u00e9 d\u2019absorption<\/p>\n\n\n\n<p>La structure des Eu-Feeds ainsi que leur grande surface d\u2019\u00e9change de la rafle, permettent d\u2019absorber des quantit\u00e9s significatives de corps gras tout en conservant une bonne fluidit\u00e9 apr\u00e8s m\u00e9lange.<\/p>\n\n\n\n<p>Teneur en fibres digestibles importante<\/p>\n\n\n\n<p>Avec une NDF de \u00b1 77% et un taux de lignine \u00b1 6% seulement, les produits de la gamme Eu-Feeds enrichissent la ration alimentaire des animaux en fibres digestibles.<\/p>\n\n\n\n<p>Granulom\u00e9trie pr\u00e9cise et contr\u00f4l\u00e9e <\/p>\n\n\n\n<p>Les fourchettes granulom\u00e9triques des produits de la gamme Eu-Feeds sont pr\u00e9cises et contr\u00f4l\u00e9es afin de s\u2019adapter aux exigences des formulations.<\/p>\n\n\n\n<p>Produit stable et durable dans le temps<\/p>\n\n\n\n<p>Avec un pH neutre et une humidit\u00e9 inf\u00e9rieure \u00e0 12%, la rafle de ma\u00efs permet la stabilit\u00e9 des principes actifs dans les produits finis.<\/p>\n","protected":false},"excerpt":{"rendered":"<p>De la nutrition \u00e0 la pharmacop\u00e9e Nos deux gammes Eu-Grits et Eu-Feeds, d\u00e9clin\u00e9es en une quinzaine de granulom\u00e9tries poss\u00e8dent des fonctionnalit\u00e9s diverses et vari\u00e9es r\u00e9pondant aux besoins de la nutrition et de la sant\u00e9 animale. L\u2019excipient de haute technicit\u00e9 Utilisations Support pour solutions aqueuses, huiles ou poudres, avec de fortes capacit\u00e9s d\u2019absorption ; Diluant pour [&hellip;]<\/p>\n","protected":false},"author":1,"featured_media":0,"parent":0,"menu_order":0,"comment_status":"closed","ping_status":"closed","template":"","meta":{"footnotes":""},"class_list":["post-30","page","type-page","status-publish","hentry"],"_links":{"self":[{"href":"https:\/\/www.eurocob.com\/fr\/wp-json\/wp\/v2\/pages\/30","targetHints":{"allow":["GET"]}}],"collection":[{"href":"https:\/\/www.eurocob.com\/fr\/wp-json\/wp\/v2\/pages"}],"about":[{"href":"https:\/\/www.eurocob.com\/fr\/wp-json\/wp\/v2\/types\/page"}],"author":[{"embeddable":true,"href":"https:\/\/www.eurocob.com\/fr\/wp-json\/wp\/v2\/users\/1"}],"replies":[{"embeddable":true,"href":"https:\/\/www.eurocob.com\/fr\/wp-json\/wp\/v2\/comments?post=30"}],"version-history":[{"count":1,"href":"https:\/\/www.eurocob.com\/fr\/wp-json\/wp\/v2\/pages\/30\/revisions"}],"predecessor-version":[{"id":201,"href":"https:\/\/www.eurocob.com\/fr\/wp-json\/wp\/v2\/pages\/30\/revisions\/201"}],"wp:attachment":[{"href":"https:\/\/www.eurocob.com\/fr\/wp-json\/wp\/v2\/media?parent=30"}],"curies":[{"name":"wp","href":"https:\/\/api.w.org\/{rel}","templated":true}]}}