{"id":34,"date":"2019-10-19T17:05:45","date_gmt":"2019-10-19T15:05:45","guid":{"rendered":"http:\/\/www.eurocob.com\/?page_id=34"},"modified":"2019-11-24T12:19:19","modified_gmt":"2019-11-24T11:19:19","slug":"litiere-animaux-laboratoire","status":"publish","type":"page","link":"https:\/\/www.eurocob.com\/fr\/litiere-animaux-laboratoire\/","title":{"rendered":"Liti\u00e8re pour animaux de laboratoire"},"content":{"rendered":"\n<h2 class=\"wp-block-heading\">Fournisseur en liti\u00e8re de laboratoire depuis 1990<\/h2>\n\n\n\n<p>L\u2019animal de laboratoire passe 24h par jour sur sa liti\u00e8re. C\u2019est pour cette raison qu\u2019elle doit \u00eatre de qualit\u00e9 sup\u00e9rieure. Nous fournissons une liti\u00e8re v\u00e9g\u00e9tale naturelle, recyclable, incin\u00e9rable, biosourc\u00e9e, eco-friendly et 100 % biod\u00e9gradable, reconnue parmi les plus confortables. <\/p>\n\n\n\n<p>Notre liti\u00e8re en rafle de ma\u00efs est exclusivement fran\u00e7aise et garantie sans OGM. EUROCOB \u00e9tant certifi\u00e9e GMP+ B2, tous nos produits respectent les exigences de la pharmacie v\u00e9t\u00e9rinaire. <\/p>\n\n\n\n<h2 class=\"wp-block-heading\">Avantages<\/h2>\n\n\n\n<p>Absorption<\/p>\n\n\n\n<p>La composition et la grande surface d\u2019\u00e9change de la rafle, lui permettent d\u2019absorber jusqu\u2019\u00e0 1,5 fois son poids en eau. La rafle de ma\u00efs permet un ruissellement des urines jusqu\u2019au fond du bac o\u00f9 elles seront absorb\u00e9es, conservant ainsi l\u2019animal au sec. La rafle de ma\u00efs permet \u00e9galement de r\u00e9duire les \u00e9manations d\u2019ammoniaque provenant des urines en les retenant dans ses pores.<\/p>\n\n\n\n<p>Duret\u00e9 importante <\/p>\n\n\n\n<p>Avec une duret\u00e9 \u00e9quivalente au fer (4.5 sur l\u2019\u00e9chelle de Mohs), la gamme Eu-Grits est d\u00e9poussi\u00e9r\u00e9e et r\u00e9siste \u00e0 l\u2019attrition (ne g\u00e9n\u00e8re pas de poussi\u00e8re durant son utilisation).  <\/p>\n\n\n\n<p>Cette duret\u00e9 permet de faciliter sa manipulation ainsi que le nettoyage des cages (ne colle pas au fond de la cage). <\/p>\n\n\n\n<p>Granulom\u00e9trie pr\u00e9cise et contr\u00f4l\u00e9e <\/p>\n\n\n\n<p>Les fourchettes granulom\u00e9triques des produits d\u2019EUROCOB sont pr\u00e9cises et contr\u00f4l\u00e9es afin de s\u2019adapter aux exigences de vos animaux.<\/p>\n\n\n\n<p>Incin\u00e9rable<\/p>\n\n\n\n<p>Une fois incin\u00e9r\u00e9e, la rafle de ma\u00efs laisse seulement 2% de cendres r\u00e9siduelles, ce qui r\u00e9duit les co\u00fbts d\u2019\u00e9limination.<\/p>\n","protected":false},"excerpt":{"rendered":"<p>Fournisseur en liti\u00e8re de laboratoire depuis 1990 L\u2019animal de laboratoire passe 24h par jour sur sa liti\u00e8re. C\u2019est pour cette raison qu\u2019elle doit \u00eatre de qualit\u00e9 sup\u00e9rieure. Nous fournissons une liti\u00e8re v\u00e9g\u00e9tale naturelle, recyclable, incin\u00e9rable, biosourc\u00e9e, eco-friendly et 100 % biod\u00e9gradable, reconnue parmi les plus confortables. Notre liti\u00e8re en rafle de ma\u00efs est exclusivement fran\u00e7aise [&hellip;]<\/p>\n","protected":false},"author":1,"featured_media":0,"parent":0,"menu_order":0,"comment_status":"closed","ping_status":"closed","template":"","meta":{"footnotes":""},"class_list":["post-34","page","type-page","status-publish","hentry"],"_links":{"self":[{"href":"https:\/\/www.eurocob.com\/fr\/wp-json\/wp\/v2\/pages\/34","targetHints":{"allow":["GET"]}}],"collection":[{"href":"https:\/\/www.eurocob.com\/fr\/wp-json\/wp\/v2\/pages"}],"about":[{"href":"https:\/\/www.eurocob.com\/fr\/wp-json\/wp\/v2\/types\/page"}],"author":[{"embeddable":true,"href":"https:\/\/www.eurocob.com\/fr\/wp-json\/wp\/v2\/users\/1"}],"replies":[{"embeddable":true,"href":"https:\/\/www.eurocob.com\/fr\/wp-json\/wp\/v2\/comments?post=34"}],"version-history":[{"count":1,"href":"https:\/\/www.eurocob.com\/fr\/wp-json\/wp\/v2\/pages\/34\/revisions"}],"predecessor-version":[{"id":203,"href":"https:\/\/www.eurocob.com\/fr\/wp-json\/wp\/v2\/pages\/34\/revisions\/203"}],"wp:attachment":[{"href":"https:\/\/www.eurocob.com\/fr\/wp-json\/wp\/v2\/media?parent=34"}],"curies":[{"name":"wp","href":"https:\/\/api.w.org\/{rel}","templated":true}]}}