{"id":36,"date":"2019-10-19T17:06:17","date_gmt":"2019-10-19T15:06:17","guid":{"rendered":"http:\/\/www.eurocob.com\/?page_id=36"},"modified":"2020-01-20T14:02:34","modified_gmt":"2020-01-20T13:02:34","slug":"bio-controle","status":"publish","type":"page","link":"https:\/\/www.eurocob.com\/fr\/bio-controle\/","title":{"rendered":"Bio-contr\u00f4le"},"content":{"rendered":"\n<h2 class=\"wp-block-heading\">Un support innovant, performant et \u00e9conomique<\/h2>\n\n\n\n<p>Il est tr\u00e8s avantageux d\u2019utiliser des produits phytopharmaceutiques sur support plut\u00f4t qu\u2019en liquide. Le pH neutre des produits Eu-Grits offre des combinaisons stables avec beaucoup de mati\u00e8res actives, d\u2019acides organiques ou d\u2019huiles essentielles. Le taux d\u2019absorption relativement \u00e9lev\u00e9 des produits Eu-Grits (90 % en poids \u00e0 saturation) est adapt\u00e9 \u00e0 la plupart des formules. La surface de contact \u00e9lev\u00e9e de la rafle de ma\u00efs permet le rel\u00e2chement progressif des mati\u00e8res actives. <\/p>\n\n\n\n<h2 class=\"wp-block-heading\">Utilisations<\/h2>\n\n\n\n<ul class=\"wp-block-list\"><li>Diluant pour solutions de traitements foliaires ;<\/li><li>Support pour principes actifs dans les formulations de fertilisant ;<\/li><li>Support capable de maintenir la viabilit\u00e9 et de vectoriser des microorganismes apr\u00e8s formulation.<\/li><\/ul>\n\n\n\n<h2 class=\"wp-block-heading\">Avantages<\/h2>\n\n\n\n<p>Grande capacit\u00e9 d\u2019absorption <\/p>\n\n\n\n<p>La structure alv\u00e9olaire interne de la rafle de ma\u00efs ainsi que sa grande surface d\u2019\u00e9change permettent l\u2019absorption de solutions aqueuses ou huileuses.<\/p>\n\n\n\n<p>Support de culture<\/p>\n\n\n\n<p>Le taux cellulosique de la rafle (35 %) et son r\u00e9seau poreux permettent \u00e0 des populations de bact\u00e9ries et de champignons de s\u2019y d\u00e9velopper.<\/p>\n\n\n\n<p>Duret\u00e9 importante <\/p>\n\n\n\n<p>Avec une duret\u00e9 \u00e9quivalente \u00e0 celle du fer (4,5 sur l\u2019\u00e9chelle de Mohs), la rafle de ma\u00efs conserve une excellente coulabilit\u00e9 apr\u00e8s m\u00e9lange, ne g\u00e9n\u00e8re pas de poussi\u00e8re pendant le processus de fabrication et n\u2019adh\u00e8re pas aux circuits de manutention.<\/p>\n\n\n\n<p>Granulom\u00e9trie pr\u00e9cise et contr\u00f4l\u00e9e <\/p>\n\n\n\n<p>Les fourchettes granulom\u00e9triques des produits de la gamme Eu-Grits sont pr\u00e9cises et contr\u00f4l\u00e9es afin de s\u2019adapter aux exigences des formulations.<\/p>\n\n\n\n<p>Produit stable et durable dans le temps<\/p>\n\n\n\n<p>Avec un pH neutre et une humidit\u00e9 inf\u00e9rieure \u00e0 12%, la rafle de ma\u00efs permet la stabilit\u00e9 des principes actifs dans les produits finis.<\/p>\n","protected":false},"excerpt":{"rendered":"<p>Un support innovant, performant et \u00e9conomique Il est tr\u00e8s avantageux d\u2019utiliser des produits phytopharmaceutiques sur support plut\u00f4t qu\u2019en liquide. Le pH neutre des produits Eu-Grits offre des combinaisons stables avec beaucoup de mati\u00e8res actives, d\u2019acides organiques ou d\u2019huiles essentielles. Le taux d\u2019absorption relativement \u00e9lev\u00e9 des produits Eu-Grits (90 % en poids \u00e0 saturation) est adapt\u00e9 [&hellip;]<\/p>\n","protected":false},"author":1,"featured_media":0,"parent":0,"menu_order":0,"comment_status":"closed","ping_status":"closed","template":"","meta":{"footnotes":""},"class_list":["post-36","page","type-page","status-publish","hentry"],"_links":{"self":[{"href":"https:\/\/www.eurocob.com\/fr\/wp-json\/wp\/v2\/pages\/36","targetHints":{"allow":["GET"]}}],"collection":[{"href":"https:\/\/www.eurocob.com\/fr\/wp-json\/wp\/v2\/pages"}],"about":[{"href":"https:\/\/www.eurocob.com\/fr\/wp-json\/wp\/v2\/types\/page"}],"author":[{"embeddable":true,"href":"https:\/\/www.eurocob.com\/fr\/wp-json\/wp\/v2\/users\/1"}],"replies":[{"embeddable":true,"href":"https:\/\/www.eurocob.com\/fr\/wp-json\/wp\/v2\/comments?post=36"}],"version-history":[{"count":9,"href":"https:\/\/www.eurocob.com\/fr\/wp-json\/wp\/v2\/pages\/36\/revisions"}],"predecessor-version":[{"id":228,"href":"https:\/\/www.eurocob.com\/fr\/wp-json\/wp\/v2\/pages\/36\/revisions\/228"}],"wp:attachment":[{"href":"https:\/\/www.eurocob.com\/fr\/wp-json\/wp\/v2\/media?parent=36"}],"curies":[{"name":"wp","href":"https:\/\/api.w.org\/{rel}","templated":true}]}}