{"id":38,"date":"2019-10-19T17:07:50","date_gmt":"2019-10-19T15:07:50","guid":{"rendered":"http:\/\/www.eurocob.com\/?page_id=38"},"modified":"2019-11-24T12:20:40","modified_gmt":"2019-11-24T11:20:40","slug":"cosmetique","status":"publish","type":"page","link":"https:\/\/www.eurocob.com\/fr\/cosmetique\/","title":{"rendered":"Industrie cosm\u00e9tique"},"content":{"rendered":"\n<h2 class=\"wp-block-heading\">Un exfoliant de 1er choix, 100 % naturel <\/h2>\n\n\n\n<p>Les produits Eu-Grits sont particuli\u00e8rement pertinents pour \u00eatre utilis\u00e9s comme poudre exfoliante dans des produits cosm\u00e9tiques. La rafle de ma\u00efs est 100 % v\u00e9g\u00e9tale, biod\u00e9gradable, biosourc\u00e9e et garantie sans OGM. Elle est id\u00e9ale pour la formulation de produits cosm\u00e9tiques naturels. Ses qualit\u00e9s exfoliantes permettent un nettoyage doux de la peau. <\/p>\n\n\n\n<h2 class=\"wp-block-heading\">Utilisations<\/h2>\n\n\n\n<ul class=\"wp-block-list\"><li>Peeling <\/li><li>Gommage<\/li><li>Gels d\u2019atelier<\/li><\/ul>\n\n\n\n<h2 class=\"wp-block-heading\">Avantages<\/h2>\n\n\n\n<p>Duret\u00e9 importante<\/p>\n\n\n\n<p>Indice de duret\u00e9 important mais assez doux pour pr\u00e9server la peau des utilisateurs.<\/p>\n\n\n\n<p>Granulom\u00e9trie pr\u00e9cise et contr\u00f4l\u00e9e <\/p>\n\n\n\n<p>Les fourchettes granulom\u00e9triques des produits de la gamme Eu-Grits sont pr\u00e9cises et contr\u00f4l\u00e9es afin de s\u2019adapter aux exigences des formulations.<\/p>\n\n\n\n<p>Les deux produits conseill\u00e9s pour ce type d\u2019utilisation sont l\u2019Eu-Grits 40\/60 NF et l\u2019Eu Grits -100.<\/p>\n","protected":false},"excerpt":{"rendered":"<p>Un exfoliant de 1er choix, 100 % naturel Les produits Eu-Grits sont particuli\u00e8rement pertinents pour \u00eatre utilis\u00e9s comme poudre exfoliante dans des produits cosm\u00e9tiques. La rafle de ma\u00efs est 100 % v\u00e9g\u00e9tale, biod\u00e9gradable, biosourc\u00e9e et garantie sans OGM. Elle est id\u00e9ale pour la formulation de produits cosm\u00e9tiques naturels. Ses qualit\u00e9s exfoliantes permettent un nettoyage doux [&hellip;]<\/p>\n","protected":false},"author":1,"featured_media":0,"parent":0,"menu_order":0,"comment_status":"closed","ping_status":"closed","template":"","meta":{"footnotes":""},"class_list":["post-38","page","type-page","status-publish","hentry"],"_links":{"self":[{"href":"https:\/\/www.eurocob.com\/fr\/wp-json\/wp\/v2\/pages\/38","targetHints":{"allow":["GET"]}}],"collection":[{"href":"https:\/\/www.eurocob.com\/fr\/wp-json\/wp\/v2\/pages"}],"about":[{"href":"https:\/\/www.eurocob.com\/fr\/wp-json\/wp\/v2\/types\/page"}],"author":[{"embeddable":true,"href":"https:\/\/www.eurocob.com\/fr\/wp-json\/wp\/v2\/users\/1"}],"replies":[{"embeddable":true,"href":"https:\/\/www.eurocob.com\/fr\/wp-json\/wp\/v2\/comments?post=38"}],"version-history":[{"count":2,"href":"https:\/\/www.eurocob.com\/fr\/wp-json\/wp\/v2\/pages\/38\/revisions"}],"predecessor-version":[{"id":205,"href":"https:\/\/www.eurocob.com\/fr\/wp-json\/wp\/v2\/pages\/38\/revisions\/205"}],"wp:attachment":[{"href":"https:\/\/www.eurocob.com\/fr\/wp-json\/wp\/v2\/media?parent=38"}],"curies":[{"name":"wp","href":"https:\/\/api.w.org\/{rel}","templated":true}]}}