{"id":40,"date":"2019-10-19T17:08:18","date_gmt":"2019-10-19T15:08:18","guid":{"rendered":"http:\/\/www.eurocob.com\/?page_id=40"},"modified":"2020-05-18T16:46:29","modified_gmt":"2020-05-18T14:46:29","slug":"bio-plastiques","status":"publish","type":"page","link":"https:\/\/www.eurocob.com\/fr\/bio-plastiques\/","title":{"rendered":"Bio-plastiques"},"content":{"rendered":"\n<h2 class=\"wp-block-heading\">Un mat\u00e9riau innovant, un produit d\u2019avenir<\/h2>\n\n\n\n<p>Gr\u00e2ce \u00e0 notre cellule R&amp;D, nous avons exploit\u00e9 d\u2019autres utilisations potentielles de la rafle de ma\u00efs comme la production des plastiques biosourc\u00e9s. La rafle de ma\u00efs repr\u00e9sente une excellente alternative v\u00e9g\u00e9tale aux charges min\u00e9rales et autres mati\u00e8res synth\u00e9tiques. <\/p>\n\n\n\n<h2 class=\"wp-block-heading\">Utilisations<\/h2>\n\n\n\n<p>Pour les principaux thermoplastiques biosourc\u00e9s ou synth\u00e9tiques : PLA, PE, PU, etc. ;<\/p>\n\n\n\n<p>Pour les proc\u00e9d\u00e9s : injection, extrusion, thermoformage, roto-molding, etc.<\/p>\n\n\n\n<h2 class=\"wp-block-heading\">Avantages<\/h2>\n\n\n\n<p>Duret\u00e9 importante <\/p>\n\n\n\n<p> Avec une duret\u00e9 \u00e9quivalente au fer (4.5 sur l\u2019\u00e9chelle de Mohs) les Eu-Grits conservent leur r\u00e9partition granulom\u00e9trique initiale quelles que soient les manutentions. <\/p>\n\n\n\n<p>Granulom\u00e9trie pr\u00e9cise et contr\u00f4l\u00e9e <\/p>\n\n\n\n<p>Des fourchettes granulom\u00e9triques resserr\u00e9es et adapt\u00e9es permettent une homog\u00e9n\u00e9it\u00e9 des particules ainsi qu&rsquo;une bonne incorporation dans la matrice. <\/p>\n\n\n\n<p>Produit stable<\/p>\n\n\n\n<p>La composition physico-chimique de la rafle de ma\u00efs permet une bonne adh\u00e9sion entre la charge et la matrice, ce qui am\u00e9liore la stabilit\u00e9 du produit fini. De plus, les produits ont une humidit\u00e9 inf\u00e9rieure \u00e0 10% ce qui permet d\u2019\u00e9viter une \u00e9tape de s\u00e9chage suppl\u00e9mentaire avant leur utilisation. <\/p>\n","protected":false},"excerpt":{"rendered":"<p>Un mat\u00e9riau innovant, un produit d\u2019avenir Gr\u00e2ce \u00e0 notre cellule R&amp;D, nous avons exploit\u00e9 d\u2019autres utilisations potentielles de la rafle de ma\u00efs comme la production des plastiques biosourc\u00e9s. La rafle de ma\u00efs repr\u00e9sente une excellente alternative v\u00e9g\u00e9tale aux charges min\u00e9rales et autres mati\u00e8res synth\u00e9tiques. Utilisations Pour les principaux thermoplastiques biosourc\u00e9s ou synth\u00e9tiques : PLA, PE, [&hellip;]<\/p>\n","protected":false},"author":1,"featured_media":0,"parent":0,"menu_order":0,"comment_status":"closed","ping_status":"closed","template":"","meta":{"footnotes":""},"class_list":["post-40","page","type-page","status-publish","hentry"],"_links":{"self":[{"href":"https:\/\/www.eurocob.com\/fr\/wp-json\/wp\/v2\/pages\/40","targetHints":{"allow":["GET"]}}],"collection":[{"href":"https:\/\/www.eurocob.com\/fr\/wp-json\/wp\/v2\/pages"}],"about":[{"href":"https:\/\/www.eurocob.com\/fr\/wp-json\/wp\/v2\/types\/page"}],"author":[{"embeddable":true,"href":"https:\/\/www.eurocob.com\/fr\/wp-json\/wp\/v2\/users\/1"}],"replies":[{"embeddable":true,"href":"https:\/\/www.eurocob.com\/fr\/wp-json\/wp\/v2\/comments?post=40"}],"version-history":[{"count":3,"href":"https:\/\/www.eurocob.com\/fr\/wp-json\/wp\/v2\/pages\/40\/revisions"}],"predecessor-version":[{"id":239,"href":"https:\/\/www.eurocob.com\/fr\/wp-json\/wp\/v2\/pages\/40\/revisions\/239"}],"wp:attachment":[{"href":"https:\/\/www.eurocob.com\/fr\/wp-json\/wp\/v2\/media?parent=40"}],"curies":[{"name":"wp","href":"https:\/\/api.w.org\/{rel}","templated":true}]}}