{"id":43,"date":"2019-10-19T17:09:36","date_gmt":"2019-10-19T15:09:36","guid":{"rendered":"http:\/\/www.eurocob.com\/?page_id=43"},"modified":"2025-03-10T09:29:57","modified_gmt":"2025-03-10T08:29:57","slug":"qualite-certifications","status":"publish","type":"page","link":"https:\/\/www.eurocob.com\/fr\/qualite-certifications\/","title":{"rendered":"Qualit\u00e9 &#038; certifications"},"content":{"rendered":"\n<h2 class=\"wp-block-heading\">L\u2019excellence valid\u00e9e<\/h2>\n\n\n\n<p>Parce que nous avons toujours cru en nos produits, EUROCOB est aujourd\u2019hui reconnue pour la rigueur de son syst\u00e8me de management de la qualit\u00e9 et son engagement global envers un d\u00e9veloppement durable. Tr\u00e8s t\u00f4t, nous nous sommes orient\u00e9s vers des certifications exigeantes, tout en int\u00e9grant des pratiques responsables \u00e0 chaque \u00e9tape de notre activit\u00e9.<\/p>\n\n\n\n<p>Pour chaque lot, nous analysons la granulom\u00e9trie, l\u2019humidit\u00e9 et la densit\u00e9. Nous contr\u00f4lons les substances ind\u00e9sirables sur la mati\u00e8re premi\u00e8re et les produits finis. Valider la qualit\u00e9, c\u2019est aussi anticiper : nous menons constamment une recherche en pr\u00e9vention des risques physiques, microbiologiques et chimiques, tout en veillant \u00e0 r\u00e9duire notre impact environnemental et \u00e0 favoriser l\u2019utilisation de ressources durables.<\/p>\n\n\n\n<p>Notre d\u00e9marche repose sur des exigences r\u00e9glementaires rigoureuses :<\/p>\n\n\n\n<ul class=\"wp-block-list\"><li>FEED Directive 2002\/32\/CE ;<\/li><li>GMP+ Scheme 2020 ;<\/li><li>Analyses HACCP<\/li><li>Engag\u00e9 RSE.<\/li><\/ul>\n\n\n\n<p>Nous croyons fermement que conjuguer innovation, qualit\u00e9 et responsabilit\u00e9 soci\u00e9tale est essentiel pour r\u00e9pondre aux attentes de nos clients et de nos partenaires, tout en contribuant \u00e0 un avenir durable.<\/p>\n\n\n\n<p><\/p>\n\n\n\n<div class=\"wp-block-group is-layout-flow wp-block-group-is-layout-flow\"><div class=\"wp-block-group__inner-container\"><\/div><\/div>\n\n\n\n<p><\/p>\n","protected":false},"excerpt":{"rendered":"<p>L\u2019excellence valid\u00e9e Parce que nous avons toujours cru en nos produits, EUROCOB est aujourd\u2019hui reconnue pour la rigueur de son syst\u00e8me de management de la qualit\u00e9 et son engagement global envers un d\u00e9veloppement durable. Tr\u00e8s t\u00f4t, nous nous sommes orient\u00e9s vers des certifications exigeantes, tout en int\u00e9grant des pratiques responsables \u00e0 chaque \u00e9tape de notre [&hellip;]<\/p>\n","protected":false},"author":1,"featured_media":0,"parent":0,"menu_order":0,"comment_status":"closed","ping_status":"closed","template":"","meta":{"footnotes":""},"class_list":["post-43","page","type-page","status-publish","hentry"],"_links":{"self":[{"href":"https:\/\/www.eurocob.com\/fr\/wp-json\/wp\/v2\/pages\/43","targetHints":{"allow":["GET"]}}],"collection":[{"href":"https:\/\/www.eurocob.com\/fr\/wp-json\/wp\/v2\/pages"}],"about":[{"href":"https:\/\/www.eurocob.com\/fr\/wp-json\/wp\/v2\/types\/page"}],"author":[{"embeddable":true,"href":"https:\/\/www.eurocob.com\/fr\/wp-json\/wp\/v2\/users\/1"}],"replies":[{"embeddable":true,"href":"https:\/\/www.eurocob.com\/fr\/wp-json\/wp\/v2\/comments?post=43"}],"version-history":[{"count":4,"href":"https:\/\/www.eurocob.com\/fr\/wp-json\/wp\/v2\/pages\/43\/revisions"}],"predecessor-version":[{"id":266,"href":"https:\/\/www.eurocob.com\/fr\/wp-json\/wp\/v2\/pages\/43\/revisions\/266"}],"wp:attachment":[{"href":"https:\/\/www.eurocob.com\/fr\/wp-json\/wp\/v2\/media?parent=43"}],"curies":[{"name":"wp","href":"https:\/\/api.w.org\/{rel}","templated":true}]}}