{"id":49,"date":"2019-10-19T17:10:47","date_gmt":"2019-10-19T15:10:47","guid":{"rendered":"http:\/\/www.eurocob.com\/?page_id=49"},"modified":"2019-11-01T22:38:47","modified_gmt":"2019-11-01T21:38:47","slug":"haute-technicite","status":"publish","type":"page","link":"https:\/\/www.eurocob.com\/fr\/haute-technicite\/","title":{"rendered":"Des produits innovants de haute technicit\u00e9"},"content":{"rendered":"\n<p>NOUS CONCEVONS DES SOLUTIONS \u00e0 partir de la rafle de ma\u00efs depuis 40 ans. Un historique et une exp\u00e9rience qui nous permettent, aujourd\u2019hui d\u2019\u00eatre leader europ\u00e9en sur notre march\u00e9. Notre qu\u00eate d\u2019excellence nous incite \u00e0 constamment travailler \u00e0 l\u2019am\u00e9lioration de nos process et de nos produits, que nous proposons \u00e0 nos Clients. <\/p>\n\n\n\n<p>UNE DEMARCHE D&rsquo;AMELIORATION CONTINUE qui nous a amen\u00e9s \u00e0 collaborer avec des grands centres universitaires et des laboratoires sp\u00e9cialis\u00e9s dans les secteurs d\u2019activit\u00e9 de nos Clients.<\/p>\n\n\n\n<p>C&rsquo;EST GRACE A CETTE DEMARCHE que nous pouvons vous proposer les r\u00e9sultats des analyses R&amp;D que nous avons r\u00e9alis\u00e9es. <\/p>\n\n\n\n<p>Ces donn\u00e9es sont disponibles sur simple demande. Gr\u00e2ce aux fiches techniques, que nous mettons ainsi \u00e0 la disposition de nos Clients, ces derniers peuvent se concentrer directement sur les phases d\u2019essais en laboratoire et sur le d\u00e9veloppement de leurs produits.<\/p>\n","protected":false},"excerpt":{"rendered":"<p>NOUS CONCEVONS DES SOLUTIONS \u00e0 partir de la rafle de ma\u00efs depuis 40 ans. Un historique et une exp\u00e9rience qui nous permettent, aujourd\u2019hui d\u2019\u00eatre leader europ\u00e9en sur notre march\u00e9. Notre qu\u00eate d\u2019excellence nous incite \u00e0 constamment travailler \u00e0 l\u2019am\u00e9lioration de nos process et de nos produits, que nous proposons \u00e0 nos Clients. UNE DEMARCHE D&rsquo;AMELIORATION [&hellip;]<\/p>\n","protected":false},"author":1,"featured_media":0,"parent":0,"menu_order":0,"comment_status":"closed","ping_status":"closed","template":"","meta":{"footnotes":""},"class_list":["post-49","page","type-page","status-publish","hentry"],"_links":{"self":[{"href":"https:\/\/www.eurocob.com\/fr\/wp-json\/wp\/v2\/pages\/49","targetHints":{"allow":["GET"]}}],"collection":[{"href":"https:\/\/www.eurocob.com\/fr\/wp-json\/wp\/v2\/pages"}],"about":[{"href":"https:\/\/www.eurocob.com\/fr\/wp-json\/wp\/v2\/types\/page"}],"author":[{"embeddable":true,"href":"https:\/\/www.eurocob.com\/fr\/wp-json\/wp\/v2\/users\/1"}],"replies":[{"embeddable":true,"href":"https:\/\/www.eurocob.com\/fr\/wp-json\/wp\/v2\/comments?post=49"}],"version-history":[{"count":1,"href":"https:\/\/www.eurocob.com\/fr\/wp-json\/wp\/v2\/pages\/49\/revisions"}],"predecessor-version":[{"id":179,"href":"https:\/\/www.eurocob.com\/fr\/wp-json\/wp\/v2\/pages\/49\/revisions\/179"}],"wp:attachment":[{"href":"https:\/\/www.eurocob.com\/fr\/wp-json\/wp\/v2\/media?parent=49"}],"curies":[{"name":"wp","href":"https:\/\/api.w.org\/{rel}","templated":true}]}}