{"id":51,"date":"2019-10-19T17:11:03","date_gmt":"2019-10-19T15:11:03","guid":{"rendered":"http:\/\/www.eurocob.com\/?page_id=51"},"modified":"2019-10-27T21:52:24","modified_gmt":"2019-10-27T20:52:24","slug":"benefices-durables","status":"publish","type":"page","link":"https:\/\/www.eurocob.com\/fr\/benefices-durables\/","title":{"rendered":"Un gain de temps, des b\u00e9n\u00e9fices durables"},"content":{"rendered":"\n<h2 class=\"wp-block-heading\">Des \u00e9conomies directes et indirectes<\/h2>\n\n\n\n<p>EUROCOB propose des solutions permettant ainsi \u00e0 nos Clients de r\u00e9aliser des \u00e9conomies directes et indirectes. <\/p>\n\n\n\n<h2 class=\"wp-block-heading\">Des \u00e9conomies directes : <\/h2>\n\n\n\n<p>gr\u00e2ce aux co\u00fbts de nos produits souvent inf\u00e9rieurs \u00e0 leurs \u00e9quivalents min\u00e9raux ou synth\u00e9tiques et \u00e0 leurs qualit\u00e9s intrins\u00e8ques. <\/p>\n\n\n\n<h2 class=\"wp-block-heading\">Des \u00e9conomies indirectes : <\/h2>\n\n\n\n<p>car nous inscrivons notre relation avec nos Clients dans la dur\u00e9e. Pour cette raison nous associons \u00e0 nos produits un ensemble de services premiums, tel qu\u2019un support logistique sur mesure ou encore un service Administration des Ventes r\u00e9actif et \u00e0 l\u2019\u00e9coute de vos besoins. <\/p>\n\n\n\n<p>Une fa\u00e7on pour EUROCOB de vous accompagner dans votre m\u00e9tier et de nous positionner en tant que partenaire de votre r\u00e9ussite.<\/p>\n","protected":false},"excerpt":{"rendered":"<p>Des \u00e9conomies directes et indirectes EUROCOB propose des solutions permettant ainsi \u00e0 nos Clients de r\u00e9aliser des \u00e9conomies directes et indirectes. Des \u00e9conomies directes : gr\u00e2ce aux co\u00fbts de nos produits souvent inf\u00e9rieurs \u00e0 leurs \u00e9quivalents min\u00e9raux ou synth\u00e9tiques et \u00e0 leurs qualit\u00e9s intrins\u00e8ques. Des \u00e9conomies indirectes : car nous inscrivons notre relation avec nos [&hellip;]<\/p>\n","protected":false},"author":1,"featured_media":0,"parent":0,"menu_order":0,"comment_status":"closed","ping_status":"closed","template":"","meta":{"footnotes":""},"class_list":["post-51","page","type-page","status-publish","hentry"],"_links":{"self":[{"href":"https:\/\/www.eurocob.com\/fr\/wp-json\/wp\/v2\/pages\/51","targetHints":{"allow":["GET"]}}],"collection":[{"href":"https:\/\/www.eurocob.com\/fr\/wp-json\/wp\/v2\/pages"}],"about":[{"href":"https:\/\/www.eurocob.com\/fr\/wp-json\/wp\/v2\/types\/page"}],"author":[{"embeddable":true,"href":"https:\/\/www.eurocob.com\/fr\/wp-json\/wp\/v2\/users\/1"}],"replies":[{"embeddable":true,"href":"https:\/\/www.eurocob.com\/fr\/wp-json\/wp\/v2\/comments?post=51"}],"version-history":[{"count":0,"href":"https:\/\/www.eurocob.com\/fr\/wp-json\/wp\/v2\/pages\/51\/revisions"}],"wp:attachment":[{"href":"https:\/\/www.eurocob.com\/fr\/wp-json\/wp\/v2\/media?parent=51"}],"curies":[{"name":"wp","href":"https:\/\/api.w.org\/{rel}","templated":true}]}}