{"id":68,"date":"2019-10-19T17:19:21","date_gmt":"2019-10-19T15:19:21","guid":{"rendered":"http:\/\/www.eurocob.com\/?page_id=68"},"modified":"2019-10-27T20:58:31","modified_gmt":"2019-10-27T19:58:31","slug":"rafle-de-mais-biosourcee","status":"publish","type":"page","link":"https:\/\/www.eurocob.com\/fr\/rafle-de-mais-biosourcee\/","title":{"rendered":"Rafle de ma\u00efs biosourc\u00e9e, 100% fran\u00e7aise, garantie sans OGM"},"content":{"rendered":"\n<p>La rafle de ma\u00efs que nous utilisons pour d\u00e9velopper nos solutions est produite exclusivement en France, et garantie sans OGM. Cette mati\u00e8re premi\u00e8re, 100% v\u00e9g\u00e9tale, biod\u00e9gradable et naturellement renouvel\u00e9e \u00e0 chaque saison, est le fruit d\u2019un processus de production responsable. <\/p>\n\n\n\n<p>Nos produits s\u2019inscrivent dans une d\u00e9marche de d\u00e9veloppement durable. Nous valorisons un coproduit de l\u2019exploitation agricole, jusqu\u2019alors peu ou pas exploit\u00e9, pour le transformer en produit intelligent de haute technicit\u00e9.<\/p>\n\n\n\n<p>Notre d\u00e9marche nous permet donc de proposer \u00e0 nos Clients des solutions biosourc\u00e9es de tr\u00e8s haute qualit\u00e9, obtenues dans des conditions respectueuses de l\u2019environnement et ce, en accord avec nos convictions.<\/p>\n","protected":false},"excerpt":{"rendered":"<p>La rafle de ma\u00efs que nous utilisons pour d\u00e9velopper nos solutions est produite exclusivement en France, et garantie sans OGM. Cette mati\u00e8re premi\u00e8re, 100% v\u00e9g\u00e9tale, biod\u00e9gradable et naturellement renouvel\u00e9e \u00e0 chaque saison, est le fruit d\u2019un processus de production responsable. Nos produits s\u2019inscrivent dans une d\u00e9marche de d\u00e9veloppement durable. Nous valorisons un coproduit de l\u2019exploitation [&hellip;]<\/p>\n","protected":false},"author":1,"featured_media":0,"parent":0,"menu_order":0,"comment_status":"closed","ping_status":"closed","template":"","meta":{"footnotes":""},"class_list":["post-68","page","type-page","status-publish","hentry"],"_links":{"self":[{"href":"https:\/\/www.eurocob.com\/fr\/wp-json\/wp\/v2\/pages\/68","targetHints":{"allow":["GET"]}}],"collection":[{"href":"https:\/\/www.eurocob.com\/fr\/wp-json\/wp\/v2\/pages"}],"about":[{"href":"https:\/\/www.eurocob.com\/fr\/wp-json\/wp\/v2\/types\/page"}],"author":[{"embeddable":true,"href":"https:\/\/www.eurocob.com\/fr\/wp-json\/wp\/v2\/users\/1"}],"replies":[{"embeddable":true,"href":"https:\/\/www.eurocob.com\/fr\/wp-json\/wp\/v2\/comments?post=68"}],"version-history":[{"count":0,"href":"https:\/\/www.eurocob.com\/fr\/wp-json\/wp\/v2\/pages\/68\/revisions"}],"wp:attachment":[{"href":"https:\/\/www.eurocob.com\/fr\/wp-json\/wp\/v2\/media?parent=68"}],"curies":[{"name":"wp","href":"https:\/\/api.w.org\/{rel}","templated":true}]}}